{"id":571,"date":"2025-02-13T15:13:42","date_gmt":"2025-02-13T12:13:42","guid":{"rendered":"https:\/\/entechndt.com\/?page_id=571"},"modified":"2025-12-20T12:52:29","modified_gmt":"2025-12-20T09:52:29","slug":"blog","status":"publish","type":"page","link":"https:\/\/entechndt.com\/index.php\/blog\/","title":{"rendered":"BLOG"},"content":{"rendered":"\t\t<div data-elementor-type=\"wp-page\" data-elementor-id=\"571\" class=\"elementor elementor-571\">\n\t\t\t\t\t\t<section class=\"elementor-section elementor-top-section elementor-element elementor-element-2f208192 elementor-section-height-min-height elementor-section-full_width elementor-section-height-default elementor-section-items-middle\" data-id=\"2f208192\" data-element_type=\"section\" data-settings=\"{&quot;background_background&quot;:&quot;classic&quot;}\">\n\t\t\t\t\t\t\t<div class=\"elementor-background-overlay\"><\/div>\n\t\t\t\t\t\t\t<div class=\"elementor-container elementor-column-gap-default\">\n\t\t\t\t\t<div class=\"elementor-column elementor-col-100 elementor-top-column elementor-element elementor-element-d038d22\" data-id=\"d038d22\" data-element_type=\"column\">\n\t\t\t<div class=\"elementor-widget-wrap\">\n\t\t\t\t\t\t\t<\/div>\n\t\t<\/div>\n\t\t\t\t\t<\/div>\n\t\t<\/section>\n\t\t\t\t<section class=\"elementor-section elementor-top-section elementor-element elementor-element-64ab6194 elementor-section-boxed elementor-section-height-default elementor-section-height-default\" data-id=\"64ab6194\" data-element_type=\"section\">\n\t\t\t\t\t\t<div class=\"elementor-container elementor-column-gap-default\">\n\t\t\t\t\t<div class=\"elementor-column elementor-col-100 elementor-top-column elementor-element elementor-element-58d07338\" data-id=\"58d07338\" data-element_type=\"column\">\n\t\t\t<div class=\"elementor-widget-wrap elementor-element-populated\">\n\t\t\t\t\t\t<div class=\"elementor-element elementor-element-1c5bf4e3 elementor-widget elementor-widget-heading\" data-id=\"1c5bf4e3\" data-element_type=\"widget\" data-widget_type=\"heading.default\">\n\t\t\t\t<div class=\"elementor-widget-container\">\n\t\t\t\t\t<h2 class=\"elementor-heading-title elementor-size-default\">OUR BLOG<\/h2>\t\t\t\t<\/div>\n\t\t\t\t<\/div>\n\t\t\t\t<div class=\"elementor-element elementor-element-604850fd animated-slow elementor-invisible elementor-widget elementor-widget-heading\" data-id=\"604850fd\" data-element_type=\"widget\" data-settings=\"{&quot;_animation&quot;:&quot;fadeInUp&quot;}\" data-widget_type=\"heading.default\">\n\t\t\t\t<div class=\"elementor-widget-container\">\n\t\t\t\t\t<h3 class=\"elementor-heading-title elementor-size-default\">Blog &amp; Articles<\/h3>\t\t\t\t<\/div>\n\t\t\t\t<\/div>\n\t\t\t\t<div class=\"elementor-element elementor-element-235befc8 elementor-widget elementor-widget-text-editor\" data-id=\"235befc8\" data-element_type=\"widget\" data-widget_type=\"text-editor.default\">\n\t\t\t\t<div class=\"elementor-widget-container\">\n\t\t\t\t\t\t\t\t\t<p>You can find our completed projects, innovations, articles and more on our blog page.<\/p>\t\t\t\t\t\t\t\t<\/div>\n\t\t\t\t<\/div>\n\t\t\t\t<div class=\"elementor-element elementor-element-12a537b0 animated-slow elementor-invisible elementor-widget elementor-widget-elementskit-blog-posts\" data-id=\"12a537b0\" data-element_type=\"widget\" data-settings=\"{&quot;_animation&quot;:&quot;fadeInUp&quot;}\" data-widget_type=\"elementskit-blog-posts.default\">\n\t\t\t\t<div class=\"elementor-widget-container\">\n\t\t\t\t\t<div class=\"ekit-wid-con\" >        <div id=\"post-items--12a537b0\" class=\"row post-items\">\n                    <div class=\"col-lg-4 col-md-6\">\n\n                                    <div class=\"elementskit-post-image-card\">\n                        <div class=\"elementskit-entry-header\">\n                                                            <a href=\"https:\/\/entechndt.com\/index.php\/2025\/07\/17\/entech-1-yasinda\/\" class=\"elementskit-entry-thumb\">\n                                    <img decoding=\"async\" src=\"https:\/\/entechndt.com\/wp-content\/uploads\/2025\/07\/Entech1Yas.png\" alt=\"Entech NDT 1 Ya\u015f\u0131nda!\">\n                                <\/a><!-- .elementskit-entry-thumb END -->\n                                                            \n                            \n\t\t\t\t\t\t\t\t\t\t\t\t\t<\/div><!-- .elementskit-entry-header END -->\n\n\t\t\t\t\t\t<div class=\"elementskit-post-body \">\n\t\t\t\t\t\t\t\t\t\t\t\t\t\t\t\t\t\t\t\t<h2 class=\"entry-title\">\n\t\t\t\t\t<a href=\"https:\/\/entechndt.com\/index.php\/2025\/07\/17\/entech-1-yasinda\/\">\n\t\t\t\t\t\tEntech NDT 1 Ya\u015f\u0131nda!\t\t\t\t\t<\/a>\n\t\t\t\t<\/h2>\n\t\t\t\t\t\t\t\t\t\t\t\n\t\t\t\t\t\t\t\t\t\t\t\t\t\t\t\t\t\t\t\t\t\t\t\t\t\t\t\t<div class=\"post-meta-list\">\n\t\t\t\t\t\t\t\t\t\t\t\t\t\t\t\t\t\t\t\t\t\t\t\t\t\t\t\t\t\t\t\t<span class=\"meta-date\">\n\t\t\t\t\t\t\t\t\t\t<i aria-hidden=\"true\" class=\"icon icon-calendar3\"><\/i>\t\t\t\t\t\t\t\t\t\t<span class=\"meta-date-text\">\n\t\t\t\t\t\t\t\t\t\t\t17 Temmuz 2025\t\t\t\t\t\t\t\t\t\t<\/span>\n\t\t\t\t\t\t\t\t\t<\/span>\n\t\t\t\t\t\t\t\t\t\t\t\t\t\t\t\t\t\t\t\t\t\t\t\t\t\t\t\t\t\t\t\t\t\t\t\t\t\t\t\t\t\t\t\t\t\t\t\t\t\t\t\t\t\t\t\t\t\t\t\t\t\t\t\t\t\t\t\t\t\t\t\t<span class=\"post-comment\">\n\t\t\t\t\t\t\t\t\t\t<i aria-hidden=\"true\" class=\"icon icon-comment\"><\/i>\t\t\t\t\t\t\t\t\t\t<a href=\"https:\/\/entechndt.com\/index.php\/2025\/07\/17\/entech-1-yasinda\/#respond\">0<\/a>\n\t\t\t\t\t\t\t\t\t<\/span>\n\t\t\t\t\t\t\t\t\t\t\t\t\t\t\t\t\t\t\t\t\t<\/div>\n\t\t\t\t\t\t\t\t\t\t\t\t\t\n\t\t\t\t\t\t\t\t\n\t\t\t\t\t\t\t\t\t\t\t\t\t\t\t\t\t\t\t\t\t\t\t\t\t\t\t\t\t\t\t\t\t\t\t\t\t\t\t<p>Entech Blog Entech NDT 1 Ya\u015f\u0131nda! July 17, 2025 0 Comment G\u00fcven, Kalite ve Hassasiyetle Ge\u00e7en Bir&hellip;<\/p>\n\t\t\t\t\t\t\t\t\t\t\t\t\t\t\t\t\t\t\t\t\t\t                                                            <div class=\"btn-wraper\">\n                                                                            <a class=\"elementskit-btn whitespace--normal\" id=\"\" href=\"https:\/\/entechndt.com\/index.php\/2025\/07\/17\/entech-1-yasinda\/\">\n                                            READ MORE                                            <i aria-hidden=\"true\" class=\"icon icon-right-arrow\"><\/i>                                        <\/a>\n                                    \n                                                                    <\/div>\n                                                    <\/div><!-- .elementskit-post-body END -->\n                    <\/div>\n                \n            <\/div>\n                    <div class=\"col-lg-4 col-md-6\">\n\n                                    <div class=\"elementskit-post-image-card\">\n                        <div class=\"elementskit-entry-header\">\n                                                            <a href=\"https:\/\/entechndt.com\/index.php\/2025\/02\/13\/our-completed-projects\/\" class=\"elementskit-entry-thumb\">\n                                    <img decoding=\"async\" src=\"https:\/\/entechndt.com\/wp-content\/uploads\/2025\/02\/SHIP.jpg\" alt=\"Our Completed Projects\">\n                                <\/a><!-- .elementskit-entry-thumb END -->\n                                                            \n                            \n\t\t\t\t\t\t\t\t\t\t\t\t\t<\/div><!-- .elementskit-entry-header END -->\n\n\t\t\t\t\t\t<div class=\"elementskit-post-body \">\n\t\t\t\t\t\t\t\t\t\t\t\t\t\t\t\t\t\t\t\t<h2 class=\"entry-title\">\n\t\t\t\t\t<a href=\"https:\/\/entechndt.com\/index.php\/2025\/02\/13\/our-completed-projects\/\">\n\t\t\t\t\t\tOur Completed Projects\t\t\t\t\t<\/a>\n\t\t\t\t<\/h2>\n\t\t\t\t\t\t\t\t\t\t\t\n\t\t\t\t\t\t\t\t\t\t\t\t\t\t\t\t\t\t\t\t\t\t\t\t\t\t\t\t<div class=\"post-meta-list\">\n\t\t\t\t\t\t\t\t\t\t\t\t\t\t\t\t\t\t\t\t\t\t\t\t\t\t\t\t\t\t\t\t<span class=\"meta-date\">\n\t\t\t\t\t\t\t\t\t\t<i aria-hidden=\"true\" class=\"icon icon-calendar3\"><\/i>\t\t\t\t\t\t\t\t\t\t<span class=\"meta-date-text\">\n\t\t\t\t\t\t\t\t\t\t\t13 \u015eubat 2025\t\t\t\t\t\t\t\t\t\t<\/span>\n\t\t\t\t\t\t\t\t\t<\/span>\n\t\t\t\t\t\t\t\t\t\t\t\t\t\t\t\t\t\t\t\t\t\t\t\t\t\t\t\t\t\t\t\t\t\t\t\t\t\t\t\t\t\t\t\t\t\t\t\t\t\t\t\t\t\t\t\t\t\t\t\t\t\t\t\t\t\t\t\t\t\t\t\t<span class=\"post-comment\">\n\t\t\t\t\t\t\t\t\t\t<i aria-hidden=\"true\" class=\"icon icon-comment\"><\/i>\t\t\t\t\t\t\t\t\t\t<a href=\"https:\/\/entechndt.com\/index.php\/2025\/02\/13\/our-completed-projects\/#respond\">0<\/a>\n\t\t\t\t\t\t\t\t\t<\/span>\n\t\t\t\t\t\t\t\t\t\t\t\t\t\t\t\t\t\t\t\t\t<\/div>\n\t\t\t\t\t\t\t\t\t\t\t\t\t\n\t\t\t\t\t\t\t\t\n\t\t\t\t\t\t\t\t\t\t\t\t\t\t\t\t\t\t\t\t\t\t\t\t\t\t\t\t\t\t\t\t\t\t\t\t\t\t\t<p>110 projects completed in 10 months April 29, 2025 0 Comment We completed 110 projects in 10&hellip;<\/p>\n\t\t\t\t\t\t\t\t\t\t\t\t\t\t\t\t\t\t\t\t\t\t                                                            <div class=\"btn-wraper\">\n                                                                            <a class=\"elementskit-btn whitespace--normal\" id=\"\" href=\"https:\/\/entechndt.com\/index.php\/2025\/02\/13\/our-completed-projects\/\">\n                                            READ MORE                                            <i aria-hidden=\"true\" class=\"icon icon-right-arrow\"><\/i>                                        <\/a>\n                                    \n                                                                    <\/div>\n                                                    <\/div><!-- .elementskit-post-body END -->\n                    <\/div>\n                \n            <\/div>\n                <\/div>\n       <\/div>\t\t\t\t<\/div>\n\t\t\t\t<\/div>\n\t\t\t\t\t<\/div>\n\t\t<\/div>\n\t\t\t\t\t<\/div>\n\t\t<\/section>\n\t\t\t\t<section class=\"elementor-section elementor-top-section elementor-element elementor-element-4f5d4332 elementor-section-boxed elementor-section-height-default elementor-section-height-default\" data-id=\"4f5d4332\" data-element_type=\"section\" data-settings=\"{&quot;background_background&quot;:&quot;classic&quot;}\">\n\t\t\t\t\t\t\t<div class=\"elementor-background-overlay\"><\/div>\n\t\t\t\t\t\t\t<div class=\"elementor-container elementor-column-gap-default\">\n\t\t\t\t\t<div class=\"elementor-column elementor-col-100 elementor-top-column elementor-element elementor-element-12570f09\" data-id=\"12570f09\" data-element_type=\"column\">\n\t\t\t<div class=\"elementor-widget-wrap elementor-element-populated\">\n\t\t\t\t\t\t<div class=\"elementor-element elementor-element-1f2c61e0 elementor-widget elementor-widget-heading\" data-id=\"1f2c61e0\" data-element_type=\"widget\" data-widget_type=\"heading.default\">\n\t\t\t\t<div class=\"elementor-widget-container\">\n\t\t\t\t\t<h3 class=\"elementor-heading-title elementor-size-default\">Do you have questions about the services you want?<\/h3>\t\t\t\t<\/div>\n\t\t\t\t<\/div>\n\t\t\t\t<div class=\"elementor-element elementor-element-2b42e5db elementor-widget elementor-widget-text-editor\" data-id=\"2b42e5db\" data-element_type=\"widget\" data-widget_type=\"text-editor.default\">\n\t\t\t\t<div class=\"elementor-widget-container\">\n\t\t\t\t\t\t\t\t\t<p>We are committed to providing you with the best service and the most friendly staff. Please do not hesitate to contact us.<\/p>\t\t\t\t\t\t\t\t<\/div>\n\t\t\t\t<\/div>\n\t\t\t\t<div class=\"elementor-element elementor-element-7ef48200 elementor-align-center animated-slow elementor-invisible elementor-widget elementor-widget-button\" data-id=\"7ef48200\" data-element_type=\"widget\" data-settings=\"{&quot;_animation&quot;:&quot;fadeIn&quot;}\" data-widget_type=\"button.default\">\n\t\t\t\t<div class=\"elementor-widget-container\">\n\t\t\t\t\t\t\t\t\t<div class=\"elementor-button-wrapper\">\n\t\t\t\t\t<a class=\"elementor-button elementor-button-link elementor-size-sm\" href=\"https:\/\/entechndt.com\/index.php\/contact\/\">\n\t\t\t\t\t\t<span class=\"elementor-button-content-wrapper\">\n\t\t\t\t\t\t\t\t\t<span class=\"elementor-button-text\">CONTACT US<\/span>\n\t\t\t\t\t<\/span>\n\t\t\t\t\t<\/a>\n\t\t\t\t<\/div>\n\t\t\t\t\t\t\t\t<\/div>\n\t\t\t\t<\/div>\n\t\t\t\t\t<\/div>\n\t\t<\/div>\n\t\t\t\t\t<\/div>\n\t\t<\/section>\n\t\t\t\t<\/div>\n\t\t","protected":false},"excerpt":{"rendered":"<p>OUR BLOG Blog &amp; Articles You can find our completed projects, innovations, articles and more on our blog page. Our Completed Projects 13 February 2025 0 110 projects completed in 10 months April 29, 2025 0 Comment We completed 110 projects in 10&hellip; READ MORE Entech NDT 1 Ya\u015f\u0131nda! 17 July 2025 0 Entech Blog [&hellip;]<\/p>\n","protected":false},"author":1,"featured_media":0,"parent":0,"menu_order":0,"comment_status":"closed","ping_status":"closed","template":"elementor_header_footer","meta":{"footnotes":""},"class_list":["post-571","page","type-page","status-publish","hentry"],"yoast_head":"<!-- This site is optimized with the Yoast SEO plugin v26.0 - https:\/\/yoast.com\/wordpress\/plugins\/seo\/ -->\n<title>BLOG - Entech Quality<\/title>\n<meta name=\"robots\" content=\"index, follow, max-snippet:-1, max-image-preview:large, max-video-preview:-1\" \/>\n<link rel=\"canonical\" href=\"https:\/\/entechndt.com\/index.php\/blog\/\" \/>\n<meta property=\"og:locale\" content=\"tr_TR\" \/>\n<meta property=\"og:type\" content=\"article\" \/>\n<meta property=\"og:title\" content=\"BLOG - Entech Quality\" \/>\n<meta property=\"og:description\" content=\"OUR BLOG Blog &amp; Articles You can find our completed projects, innovations, articles and more on our blog page. Our Completed Projects 13 February 2025 0 110 projects completed in 10 months April 29, 2025 0 Comment We completed 110 projects in 10&hellip; READ MORE Entech NDT 1 Ya\u015f\u0131nda! 17 July 2025 0 Entech Blog [&hellip;]\" \/>\n<meta property=\"og:url\" content=\"https:\/\/entechndt.com\/index.php\/blog\/\" \/>\n<meta property=\"og:site_name\" content=\"Entech Quality\" \/>\n<meta property=\"article:modified_time\" content=\"2025-12-20T09:52:29+00:00\" \/>\n<meta property=\"og:image\" content=\"https:\/\/entechndt.com\/wp-content\/uploads\/2025\/02\/SHIP.jpg\" \/>\n<meta name=\"twitter:card\" content=\"summary_large_image\" \/>\n<meta name=\"twitter:label1\" content=\"Tahmini okuma s\u00fcresi\" \/>\n\t<meta name=\"twitter:data1\" content=\"2 dakika\" \/>\n<script type=\"application\/ld+json\" class=\"yoast-schema-graph\">{\"@context\":\"https:\/\/schema.org\",\"@graph\":[{\"@type\":\"WebPage\",\"@id\":\"https:\/\/entechndt.com\/index.php\/blog\/\",\"url\":\"https:\/\/entechndt.com\/index.php\/blog\/\",\"name\":\"BLOG - Entech Quality\",\"isPartOf\":{\"@id\":\"https:\/\/entechndt.com\/#website\"},\"primaryImageOfPage\":{\"@id\":\"https:\/\/entechndt.com\/index.php\/blog\/#primaryimage\"},\"image\":{\"@id\":\"https:\/\/entechndt.com\/index.php\/blog\/#primaryimage\"},\"thumbnailUrl\":\"https:\/\/entechndt.com\/wp-content\/uploads\/2025\/02\/SHIP.jpg\",\"datePublished\":\"2025-02-13T12:13:42+00:00\",\"dateModified\":\"2025-12-20T09:52:29+00:00\",\"breadcrumb\":{\"@id\":\"https:\/\/entechndt.com\/index.php\/blog\/#breadcrumb\"},\"inLanguage\":\"tr\",\"potentialAction\":[{\"@type\":\"ReadAction\",\"target\":[\"https:\/\/entechndt.com\/index.php\/blog\/\"]}]},{\"@type\":\"ImageObject\",\"inLanguage\":\"tr\",\"@id\":\"https:\/\/entechndt.com\/index.php\/blog\/#primaryimage\",\"url\":\"https:\/\/entechndt.com\/wp-content\/uploads\/2025\/02\/SHIP.jpg\",\"contentUrl\":\"https:\/\/entechndt.com\/wp-content\/uploads\/2025\/02\/SHIP.jpg\",\"width\":2560,\"height\":1702},{\"@type\":\"BreadcrumbList\",\"@id\":\"https:\/\/entechndt.com\/index.php\/blog\/#breadcrumb\",\"itemListElement\":[{\"@type\":\"ListItem\",\"position\":1,\"name\":\"Anasayfa\",\"item\":\"https:\/\/entechndt.com\/\"},{\"@type\":\"ListItem\",\"position\":2,\"name\":\"BLOG\"}]},{\"@type\":\"WebSite\",\"@id\":\"https:\/\/entechndt.com\/#website\",\"url\":\"https:\/\/entechndt.com\/\",\"name\":\"Entech Quality\",\"description\":\"\",\"publisher\":{\"@id\":\"https:\/\/entechndt.com\/#organization\"},\"potentialAction\":[{\"@type\":\"SearchAction\",\"target\":{\"@type\":\"EntryPoint\",\"urlTemplate\":\"https:\/\/entechndt.com\/?s={search_term_string}\"},\"query-input\":{\"@type\":\"PropertyValueSpecification\",\"valueRequired\":true,\"valueName\":\"search_term_string\"}}],\"inLanguage\":\"tr\"},{\"@type\":\"Organization\",\"@id\":\"https:\/\/entechndt.com\/#organization\",\"name\":\"Entech Quality\",\"url\":\"https:\/\/entechndt.com\/\",\"logo\":{\"@type\":\"ImageObject\",\"inLanguage\":\"tr\",\"@id\":\"https:\/\/entechndt.com\/#\/schema\/logo\/image\/\",\"url\":\"https:\/\/entechndt.com\/wp-content\/uploads\/2024\/08\/entech_olculu_logo-removebg-preview.png\",\"contentUrl\":\"https:\/\/entechndt.com\/wp-content\/uploads\/2024\/08\/entech_olculu_logo-removebg-preview.png\",\"width\":562,\"height\":444,\"caption\":\"Entech Quality\"},\"image\":{\"@id\":\"https:\/\/entechndt.com\/#\/schema\/logo\/image\/\"}}]}<\/script>\n<!-- \/ Yoast SEO plugin. -->","yoast_head_json":{"title":"BLOG - Entech Quality","robots":{"index":"index","follow":"follow","max-snippet":"max-snippet:-1","max-image-preview":"max-image-preview:large","max-video-preview":"max-video-preview:-1"},"canonical":"https:\/\/entechndt.com\/index.php\/blog\/","og_locale":"tr_TR","og_type":"article","og_title":"BLOG - Entech Quality","og_description":"OUR BLOG Blog &amp; Articles You can find our completed projects, innovations, articles and more on our blog page. Our Completed Projects 13 February 2025 0 110 projects completed in 10 months April 29, 2025 0 Comment We completed 110 projects in 10&hellip; READ MORE Entech NDT 1 Ya\u015f\u0131nda! 17 July 2025 0 Entech Blog [&hellip;]","og_url":"https:\/\/entechndt.com\/index.php\/blog\/","og_site_name":"Entech Quality","article_modified_time":"2025-12-20T09:52:29+00:00","og_image":[{"url":"https:\/\/entechndt.com\/wp-content\/uploads\/2025\/02\/SHIP.jpg","type":"","width":"","height":""}],"twitter_card":"summary_large_image","twitter_misc":{"Tahmini okuma s\u00fcresi":"2 dakika"},"schema":{"@context":"https:\/\/schema.org","@graph":[{"@type":"WebPage","@id":"https:\/\/entechndt.com\/index.php\/blog\/","url":"https:\/\/entechndt.com\/index.php\/blog\/","name":"BLOG - Entech Quality","isPartOf":{"@id":"https:\/\/entechndt.com\/#website"},"primaryImageOfPage":{"@id":"https:\/\/entechndt.com\/index.php\/blog\/#primaryimage"},"image":{"@id":"https:\/\/entechndt.com\/index.php\/blog\/#primaryimage"},"thumbnailUrl":"https:\/\/entechndt.com\/wp-content\/uploads\/2025\/02\/SHIP.jpg","datePublished":"2025-02-13T12:13:42+00:00","dateModified":"2025-12-20T09:52:29+00:00","breadcrumb":{"@id":"https:\/\/entechndt.com\/index.php\/blog\/#breadcrumb"},"inLanguage":"tr","potentialAction":[{"@type":"ReadAction","target":["https:\/\/entechndt.com\/index.php\/blog\/"]}]},{"@type":"ImageObject","inLanguage":"tr","@id":"https:\/\/entechndt.com\/index.php\/blog\/#primaryimage","url":"https:\/\/entechndt.com\/wp-content\/uploads\/2025\/02\/SHIP.jpg","contentUrl":"https:\/\/entechndt.com\/wp-content\/uploads\/2025\/02\/SHIP.jpg","width":2560,"height":1702},{"@type":"BreadcrumbList","@id":"https:\/\/entechndt.com\/index.php\/blog\/#breadcrumb","itemListElement":[{"@type":"ListItem","position":1,"name":"Anasayfa","item":"https:\/\/entechndt.com\/"},{"@type":"ListItem","position":2,"name":"BLOG"}]},{"@type":"WebSite","@id":"https:\/\/entechndt.com\/#website","url":"https:\/\/entechndt.com\/","name":"Entech Quality","description":"","publisher":{"@id":"https:\/\/entechndt.com\/#organization"},"potentialAction":[{"@type":"SearchAction","target":{"@type":"EntryPoint","urlTemplate":"https:\/\/entechndt.com\/?s={search_term_string}"},"query-input":{"@type":"PropertyValueSpecification","valueRequired":true,"valueName":"search_term_string"}}],"inLanguage":"tr"},{"@type":"Organization","@id":"https:\/\/entechndt.com\/#organization","name":"Entech Quality","url":"https:\/\/entechndt.com\/","logo":{"@type":"ImageObject","inLanguage":"tr","@id":"https:\/\/entechndt.com\/#\/schema\/logo\/image\/","url":"https:\/\/entechndt.com\/wp-content\/uploads\/2024\/08\/entech_olculu_logo-removebg-preview.png","contentUrl":"https:\/\/entechndt.com\/wp-content\/uploads\/2024\/08\/entech_olculu_logo-removebg-preview.png","width":562,"height":444,"caption":"Entech Quality"},"image":{"@id":"https:\/\/entechndt.com\/#\/schema\/logo\/image\/"}}]}},"_links":{"self":[{"href":"https:\/\/entechndt.com\/index.php\/wp-json\/wp\/v2\/pages\/571","targetHints":{"allow":["GET"]}}],"collection":[{"href":"https:\/\/entechndt.com\/index.php\/wp-json\/wp\/v2\/pages"}],"about":[{"href":"https:\/\/entechndt.com\/index.php\/wp-json\/wp\/v2\/types\/page"}],"author":[{"embeddable":true,"href":"https:\/\/entechndt.com\/index.php\/wp-json\/wp\/v2\/users\/1"}],"replies":[{"embeddable":true,"href":"https:\/\/entechndt.com\/index.php\/wp-json\/wp\/v2\/comments?post=571"}],"version-history":[{"count":6,"href":"https:\/\/entechndt.com\/index.php\/wp-json\/wp\/v2\/pages\/571\/revisions"}],"predecessor-version":[{"id":787,"href":"https:\/\/entechndt.com\/index.php\/wp-json\/wp\/v2\/pages\/571\/revisions\/787"}],"wp:attachment":[{"href":"https:\/\/entechndt.com\/index.php\/wp-json\/wp\/v2\/media?parent=571"}],"curies":[{"name":"wp","href":"https:\/\/api.w.org\/{rel}","templated":true}]}}